{"id":766,"date":"2025-11-01T12:19:20","date_gmt":"2025-11-01T15:19:20","guid":{"rendered":"https:\/\/mmaisrealestate.com\/?page_id=766"},"modified":"2026-03-13T10:56:53","modified_gmt":"2026-03-13T13:56:53","slug":"contato","status":"publish","type":"page","link":"https:\/\/mmaisrealestate.com\/en\/contato\/","title":{"rendered":"Contact"},"content":{"rendered":"<style>.elementor-766 .elementor-element.elementor-element-897dd28{--display:flex;--flex-direction:row;--container-widget-width:initial;--container-widget-height:100%;--container-widget-flex-grow:1;--container-widget-align-self:stretch;--flex-wrap-mobile:wrap;--padding-top:60px;--padding-bottom:60px;--padding-left:0px;--padding-right:0px;}.elementor-766 .elementor-element.elementor-element-4bea366{--display:flex;--align-items:flex-start;--container-widget-width:calc( ( 1 - var( --container-widget-flex-grow ) ) * 100% );}.elementor-766 .elementor-element.elementor-element-071aaa5 .elementor-heading-title{font-size:2.6rem;font-weight:400;color:var( --e-global-color-text );}.elementor-766 .elementor-element.elementor-element-5f28fa5 .elementor-heading-title{font-size:2.6rem;font-weight:700;color:var( --e-global-color-text );}.elementor-766 .elementor-element.elementor-element-27b94ed{text-align:start;margin:0px 0px calc(var(--kit-widget-spacing, 0px) + 0px) 0px;width:var( --container-widget-width, 63% );max-width:63%;--container-widget-width:63%;--container-widget-flex-grow:0;}.elementor-766 .elementor-element.elementor-element-490f652 .elementor-icon-list-items:not(.elementor-inline-items) .elementor-icon-list-item:not(:last-child){padding-block-end:calc(20px\/2);}.elementor-766 .elementor-element.elementor-element-490f652 .elementor-icon-list-items:not(.elementor-inline-items) .elementor-icon-list-item:not(:first-child){margin-block-start:calc(20px\/2);}.elementor-766 .elementor-element.elementor-element-490f652 .elementor-icon-list-items.elementor-inline-items .elementor-icon-list-item{margin-inline:calc(20px\/2);}.elementor-766 .elementor-element.elementor-element-490f652 .elementor-icon-list-items.elementor-inline-items{margin-inline:calc(-20px\/2);}.elementor-766 .elementor-element.elementor-element-490f652 .elementor-icon-list-items.elementor-inline-items .elementor-icon-list-item:after{inset-inline-end:calc(-20px\/2);}.elementor-766 .elementor-element.elementor-element-490f652 .elementor-icon-list-icon i{transition:color 0.3s;}.elementor-766 .elementor-element.elementor-element-490f652 .elementor-icon-list-icon svg{transition:fill 0.3s;}.elementor-766 .elementor-element.elementor-element-490f652{--e-icon-list-icon-size:14px;--icon-vertical-offset:0px;}.elementor-766 .elementor-element.elementor-element-490f652 .elementor-icon-list-item > .elementor-icon-list-text, .elementor-766 .elementor-element.elementor-element-490f652 .elementor-icon-list-item > a{font-size:18px;font-weight:500;}.elementor-766 .elementor-element.elementor-element-490f652 .elementor-icon-list-text{color:#000000;transition:color 0.3s;}.elementor-766 .elementor-element.elementor-element-3520e9b{--display:flex;}.elementor-766 .elementor-element.elementor-element-2b947b5{--display:flex;--border-radius:9px 9px 9px 9px;--padding-top:40px;--padding-bottom:40px;--padding-left:40px;--padding-right:40px;}.elementor-766 .elementor-element.elementor-element-2b947b5:not(.elementor-motion-effects-element-type-background), .elementor-766 .elementor-element.elementor-element-2b947b5 > .elementor-motion-effects-container > .elementor-motion-effects-layer{background-color:#D9D9D90F;}.elementor-766 .elementor-element.elementor-element-94fb13d .elementor-field-group{padding-right:calc( 10px\/2 );padding-left:calc( 10px\/2 );margin-bottom:10px;}.elementor-766 .elementor-element.elementor-element-94fb13d .elementor-form-fields-wrapper{margin-left:calc( -10px\/2 );margin-right:calc( -10px\/2 );margin-bottom:-10px;}.elementor-766 .elementor-element.elementor-element-94fb13d .elementor-field-group.recaptcha_v3-bottomleft, .elementor-766 .elementor-element.elementor-element-94fb13d .elementor-field-group.recaptcha_v3-bottomright{margin-bottom:0;}body.rtl .elementor-766 .elementor-element.elementor-element-94fb13d .elementor-labels-inline .elementor-field-group > label{padding-left:0px;}body:not(.rtl) .elementor-766 .elementor-element.elementor-element-94fb13d .elementor-labels-inline .elementor-field-group > label{padding-right:0px;}body .elementor-766 .elementor-element.elementor-element-94fb13d .elementor-labels-above .elementor-field-group > label{padding-bottom:0px;}.elementor-766 .elementor-element.elementor-element-94fb13d .elementor-field-type-html{padding-bottom:0px;}.elementor-766 .elementor-element.elementor-element-94fb13d .elementor-field-group:not(.elementor-field-type-upload) .elementor-field:not(.elementor-select-wrapper){background-color:#30303000;border-color:#02010142;border-width:0px 0px 1px 0px;}.elementor-766 .elementor-element.elementor-element-94fb13d .elementor-field-group .elementor-select-wrapper select{background-color:#30303000;border-color:#02010142;border-width:0px 0px 1px 0px;}.elementor-766 .elementor-element.elementor-element-94fb13d .elementor-field-group .elementor-select-wrapper::before{color:#02010142;}.elementor-766 .elementor-element.elementor-element-94fb13d .e-form__buttons__wrapper__button-next{color:#ffffff;}.elementor-766 .elementor-element.elementor-element-94fb13d .elementor-button[type=\"submit\"]{color:#ffffff;}.elementor-766 .elementor-element.elementor-element-94fb13d .elementor-button[type=\"submit\"] svg *{fill:#ffffff;}.elementor-766 .elementor-element.elementor-element-94fb13d .e-form__buttons__wrapper__button-previous{color:#ffffff;}.elementor-766 .elementor-element.elementor-element-94fb13d .e-form__buttons__wrapper__button-next:hover{color:#ffffff;}.elementor-766 .elementor-element.elementor-element-94fb13d .elementor-button[type=\"submit\"]:hover{color:#ffffff;}.elementor-766 .elementor-element.elementor-element-94fb13d .elementor-button[type=\"submit\"]:hover svg *{fill:#ffffff;}.elementor-766 .elementor-element.elementor-element-94fb13d .e-form__buttons__wrapper__button-previous:hover{color:#ffffff;}.elementor-766 .elementor-element.elementor-element-94fb13d .elementor-message{font-family:\"Archiv Grotesk\", Sans-serif;font-weight:600;}.elementor-766 .elementor-element.elementor-element-94fb13d{--e-form-steps-indicators-spacing:20px;--e-form-steps-indicator-padding:30px;--e-form-steps-indicator-inactive-secondary-color:#ffffff;--e-form-steps-indicator-active-secondary-color:#ffffff;--e-form-steps-indicator-completed-secondary-color:#ffffff;--e-form-steps-divider-width:1px;--e-form-steps-divider-gap:10px;}.elementor-766 .elementor-element.elementor-element-94fb13d > .elementor-widget-container{margin:0px 0px 0px 20px;}.elementor-766 .elementor-element.elementor-element-d301819{--display:flex;--flex-direction:column;--container-widget-width:100%;--container-widget-height:initial;--container-widget-flex-grow:0;--container-widget-align-self:initial;--flex-wrap-mobile:wrap;--justify-content:center;--margin-top:0px;--margin-bottom:-70px;--margin-left:0px;--margin-right:0px;--padding-top:60px;--padding-bottom:100px;--padding-left:0px;--padding-right:0px;}.elementor-766 .elementor-element.elementor-element-d301819:not(.elementor-motion-effects-element-type-background), .elementor-766 .elementor-element.elementor-element-d301819 > .elementor-motion-effects-container > .elementor-motion-effects-layer{background-image:url(\"https:\/\/mmaisrealestate.com\/wp-content\/uploads\/2025\/11\/963be1cf4c437f2223e60a309038f6a5a4ed6db3-1-scaled-1-scaled.webp\");}.elementor-766 .elementor-element.elementor-element-9533683{--display:flex;--flex-direction:row;--container-widget-width:initial;--container-widget-height:100%;--container-widget-flex-grow:1;--container-widget-align-self:stretch;--flex-wrap-mobile:wrap;--gap:0px 0px;--row-gap:0px;--column-gap:0px;}.elementor-766 .elementor-element.elementor-element-976527a{--display:flex;--flex-direction:column;--container-widget-width:100%;--container-widget-height:initial;--container-widget-flex-grow:0;--container-widget-align-self:initial;--flex-wrap-mobile:wrap;}.elementor-766 .elementor-element.elementor-element-7a898d9 .elementor-heading-title{font-size:2.6rem;font-weight:400;color:#FFFFFF;}.elementor-766 .elementor-element.elementor-element-e365ae4 .elementor-heading-title{font-size:2.6rem;font-weight:700;color:#FFFFFF;}.elementor-766 .elementor-element.elementor-element-e365ae4{margin:-12px 0px calc(var(--kit-widget-spacing, 0px) + 0px) 0px;}.elementor-766 .elementor-element.elementor-element-d27de7e{text-align:start;color:#FFFFFF;}.elementor-766 .elementor-element.elementor-element-5a900ce .elementor-button{fill:#FFFFFF;color:#FFFFFF;background-color:var( --e-global-color-primary );border-radius:9px 9px 9px 9px;}.elementor-766 .elementor-element.elementor-element-84656fc{--display:flex;--flex-direction:column;--container-widget-width:100%;--container-widget-height:initial;--container-widget-flex-grow:0;--container-widget-align-self:initial;--flex-wrap-mobile:wrap;}.elementor-766 .elementor-element.elementor-element-3820e6d{width:var( --container-widget-width, 650px );max-width:650px;--container-widget-width:650px;--container-widget-flex-grow:0;border-radius:9px 9px 9px 9px;}.elementor-766 .elementor-element.elementor-element-3820e6d.elementor-element{--align-self:center;}@media(max-width:767px){.elementor-766 .elementor-element.elementor-element-897dd28{--border-radius:0px 0px 0px 0px;--padding-top:0px;--padding-bottom:40px;--padding-left:20px;--padding-right:20px;}.elementor-766 .elementor-element.elementor-element-4bea366{--padding-top:80px;--padding-bottom:0px;--padding-left:0px;--padding-right:0px;}.elementor-766 .elementor-element.elementor-element-071aaa5 .elementor-heading-title{font-size:1.5rem;}.elementor-766 .elementor-element.elementor-element-5f28fa5 .elementor-heading-title{font-size:1.6rem;}.elementor-766 .elementor-element.elementor-element-5f28fa5{margin:-12px 0px calc(var(--kit-widget-spacing, 0px) + 0px) 0px;}.elementor-766 .elementor-element.elementor-element-27b94ed{width:100%;max-width:100%;}.elementor-766 .elementor-element.elementor-element-490f652 .elementor-icon-list-item > .elementor-icon-list-text, .elementor-766 .elementor-element.elementor-element-490f652 .elementor-icon-list-item > a{font-size:16px;}.elementor-766 .elementor-element.elementor-element-2b947b5{--padding-top:0px;--padding-bottom:0px;--padding-left:0px;--padding-right:0px;}.elementor-766 .elementor-element.elementor-element-d301819{--padding-top:40px;--padding-bottom:80px;--padding-left:0px;--padding-right:0px;}.elementor-766 .elementor-element.elementor-element-7a898d9 .elementor-heading-title{font-size:1.5rem;}.elementor-766 .elementor-element.elementor-element-e365ae4 .elementor-heading-title{font-size:1.6rem;}.elementor-766 .elementor-element.elementor-element-e365ae4{margin:-12px 0px calc(var(--kit-widget-spacing, 0px) + 0px) 0px;}.elementor-766 .elementor-element.elementor-element-d27de7e{font-size:15px;}}\/* Start custom CSS for heading, class: .elementor-element-5f28fa5 *\/.mais {\n height: 50px;\n}\/* End custom CSS *\/\n\/* Start custom CSS for heading, class: .elementor-element-e365ae4 *\/.mais {\n height: 50px;\n}\/* End custom CSS *\/<\/style>\t\t<div data-elementor-type=\"wp-page\" data-elementor-id=\"766\" class=\"elementor elementor-766\" data-elementor-post-type=\"page\">\n\t\t\t\t<div class=\"elementor-element elementor-element-897dd28 e-flex e-con-boxed e-con e-parent\" data-id=\"897dd28\" data-element_type=\"container\" data-e-type=\"container\" data-settings=\"{&quot;jet_parallax_layout_list&quot;:[]}\">\n\t\t\t\t\t<div class=\"e-con-inner\">\n\t\t<div class=\"elementor-element elementor-element-4bea366 e-con-full e-flex e-con e-child\" data-id=\"4bea366\" data-element_type=\"container\" data-e-type=\"container\" data-settings=\"{&quot;jet_parallax_layout_list&quot;:[]}\">\n\t\t\t\t<div class=\"elementor-element elementor-element-071aaa5 elementor-widget elementor-widget-heading\" data-id=\"071aaa5\" data-element_type=\"widget\" data-e-type=\"widget\" data-widget_type=\"heading.default\">\n\t\t\t\t\t<p class=\"elementor-heading-title elementor-size-default\">Fale com a<\/p>\t\t\t\t<\/div>\n\t\t\t\t<div class=\"elementor-element elementor-element-5f28fa5 elementor-widget elementor-widget-heading\" data-id=\"5f28fa5\" data-element_type=\"widget\" data-e-type=\"widget\" data-widget_type=\"heading.default\">\n\t\t\t\t\t<p class=\"elementor-heading-title elementor-size-default\">M+ Real Estate<\/p>\t\t\t\t<\/div>\n\t\t\t\t<div class=\"elementor-element elementor-element-27b94ed elementor-widget__width-initial elementor-widget-mobile__width-inherit elementor-widget elementor-widget-text-editor\" data-id=\"27b94ed\" data-element_type=\"widget\" data-e-type=\"widget\" data-widget_type=\"text-editor.default\">\n\t\t\t\t\t\t\t\t\t<p>Seja para comprar ou vender <strong>propiedades singulares, <\/strong>nossa equipe esta pronta para receber voce.\u00a0 \u00a0Preencha o formul\u00e1rio ou entre em contato pelos canais abaixo e conte-nos o que procura.<\/p><p><strong>Este \u00e9 o primeiro passo para sua jornada imobili\u00e1ria com mais significado .<\/strong><\/p>\t\t\t\t\t\t\t\t<\/div>\n\t\t\t\t<div class=\"elementor-element elementor-element-490f652 elementor-icon-list--layout-traditional elementor-list-item-link-full_width elementor-widget elementor-widget-icon-list\" data-id=\"490f652\" data-element_type=\"widget\" data-e-type=\"widget\" data-widget_type=\"icon-list.default\">\n\t\t\t\t\t\t\t<ul class=\"elementor-icon-list-items\">\n\t\t\t\t\t\t\t<li class=\"elementor-icon-list-item\">\n\t\t\t\t\t\t\t\t\t\t<span class=\"elementor-icon-list-text\">+55 (71) 99660-2211<\/span>\n\t\t\t\t\t\t\t\t\t<\/li>\n\t\t\t\t\t\t\t\t<li class=\"elementor-icon-list-item\">\n\t\t\t\t\t\t\t\t\t\t<span class=\"elementor-icon-list-text\">@mmaisrealestate<\/span>\n\t\t\t\t\t\t\t\t\t<\/li>\n\t\t\t\t\t\t\t\t<li class=\"elementor-icon-list-item\">\n\t\t\t\t\t\t\t\t\t\t<span class=\"elementor-icon-list-text\">contato@mmaisrealestate.com<\/span>\n\t\t\t\t\t\t\t\t\t<\/li>\n\t\t\t\t\t\t<\/ul>\n\t\t\t\t\t\t<\/div>\n\t\t\t\t<\/div>\n\t\t<div class=\"elementor-element elementor-element-3520e9b e-con-full e-flex e-con e-child\" data-id=\"3520e9b\" data-element_type=\"container\" data-e-type=\"container\" data-settings=\"{&quot;jet_parallax_layout_list&quot;:[]}\">\n\t\t<div class=\"elementor-element elementor-element-2b947b5 e-con-full e-flex e-con e-child\" data-id=\"2b947b5\" data-element_type=\"container\" data-e-type=\"container\" data-settings=\"{&quot;background_background&quot;:&quot;classic&quot;,&quot;jet_parallax_layout_list&quot;:[]}\">\n\t\t\t\t<div class=\"elementor-element elementor-element-94fb13d elementor-button-align-start elementor-widget elementor-widget-form\" data-id=\"94fb13d\" data-element_type=\"widget\" data-e-type=\"widget\" data-settings=\"{&quot;step_next_label&quot;:&quot;Next&quot;,&quot;step_previous_label&quot;:&quot;Previous&quot;,&quot;button_width&quot;:&quot;100&quot;,&quot;step_type&quot;:&quot;number_text&quot;,&quot;step_icon_shape&quot;:&quot;circle&quot;}\" data-widget_type=\"form.default\">\n\t\t\t\t<div class=\"elementor-widget-container\">\n\t\t\t\t\t\t\t<form class=\"elementor-form\" method=\"post\" name=\"New Form\">\n\t\t\t<input type=\"hidden\" name=\"post_id\" value=\"766\"\/>\n\t\t\t<input type=\"hidden\" name=\"form_id\" value=\"94fb13d\"\/>\n\t\t\t<input type=\"hidden\" name=\"referer_title\" value=\"Contato\" \/>\n\n\t\t\t\t\t\t\t<input type=\"hidden\" name=\"queried_id\" value=\"766\"\/>\n\t\t\t\n\t\t\t<div class=\"elementor-form-fields-wrapper elementor-labels-above\">\n\t\t\t\t\t\t\t\t<div class=\"elementor-field-type-text elementor-field-group elementor-column elementor-field-group-name elementor-col-60\">\n\t\t\t\t\t\t\t\t\t\t\t\t<label for=\"form-field-name\" class=\"elementor-field-label\">\n\t\t\t\t\t\t\t\tNome*\t\t\t\t\t\t\t<\/label>\n\t\t\t\t\t\t\t\t\t\t\t\t\t\t<input size=\"1\" type=\"text\" name=\"form_fields[name]\" id=\"form-field-name\" class=\"elementor-field elementor-size-xs  elementor-field-textual\" placeholder=\"Digite seu nome\">\n\t\t\t\t\t\t\t\t\t\t\t<\/div>\n\t\t\t\t\t\t\t\t<div class=\"elementor-field-type-email elementor-field-group elementor-column elementor-field-group-email elementor-col-60 elementor-field-required\">\n\t\t\t\t\t\t\t\t\t\t\t\t<label for=\"form-field-email\" class=\"elementor-field-label\">\n\t\t\t\t\t\t\t\tEmail*\t\t\t\t\t\t\t<\/label>\n\t\t\t\t\t\t\t\t\t\t\t\t\t\t<input size=\"1\" type=\"email\" name=\"form_fields[email]\" id=\"form-field-email\" class=\"elementor-field elementor-size-xs  elementor-field-textual\" placeholder=\"Digite seu e-mail\" required=\"required\" aria-required=\"true\">\n\t\t\t\t\t\t\t\t\t\t\t<\/div>\n\t\t\t\t\t\t\t\t<div class=\"elementor-field-type-number elementor-field-group elementor-column elementor-field-group-field_c13036c elementor-col-33\">\n\t\t\t\t\t\t\t\t\t\t\t\t<label for=\"form-field-field_c13036c\" class=\"elementor-field-label\">\n\t\t\t\t\t\t\t\tTelefone*\t\t\t\t\t\t\t<\/label>\n\t\t\t\t\t\t\t\t\t<input type=\"number\" name=\"form_fields[field_c13036c]\" id=\"form-field-field_c13036c\" class=\"elementor-field elementor-size-xs  elementor-field-textual\" placeholder=\"Digite seu telefone\" min=\"\" max=\"\" >\n\t\t\t\t\t\t<\/div>\n\t\t\t\t\t\t\t\t<div class=\"elementor-field-type-textarea elementor-field-group elementor-column elementor-field-group-message elementor-col-100\">\n\t\t\t\t\t\t\t\t\t\t\t\t<label for=\"form-field-message\" class=\"elementor-field-label\">\n\t\t\t\t\t\t\t\tMensagem*\t\t\t\t\t\t\t<\/label>\n\t\t\t\t\t\t<textarea class=\"elementor-field-textual elementor-field  elementor-size-xs\" name=\"form_fields[message]\" id=\"form-field-message\" rows=\"4\" placeholder=\"Digite sua mensagem\"><\/textarea>\t\t\t\t<\/div>\n\t\t\t\t\t\t\t\t<div class=\"elementor-field-group elementor-column elementor-field-type-submit elementor-col-100 e-form__buttons\">\n\t\t\t\t\t<button class=\"elementor-button elementor-size-sm\" type=\"submit\">\n\t\t\t\t\t\t<span class=\"elementor-button-content-wrapper\">\n\t\t\t\t\t\t\t\t\t\t\t\t\t\t\t\t\t\t\t\t\t\t<span class=\"elementor-button-text\">Enviar mensagem<\/span>\n\t\t\t\t\t\t\t\t\t\t\t\t\t<\/span>\n\t\t\t\t\t<\/button>\n\t\t\t\t<\/div>\n\t\t\t<\/div>\n\t\t<\/form>\n\t\t\t\t\t\t<\/div>\n\t\t\t\t<\/div>\n\t\t\t\t<\/div>\n\t\t\t\t<\/div>\n\t\t\t\t\t<\/div>\n\t\t\t\t<\/div>\n\t\t<div class=\"elementor-element elementor-element-d301819 e-flex e-con-boxed e-con e-parent\" data-id=\"d301819\" data-element_type=\"container\" data-e-type=\"container\" data-settings=\"{&quot;background_background&quot;:&quot;classic&quot;,&quot;jet_parallax_layout_list&quot;:[]}\">\n\t\t\t\t\t<div class=\"e-con-inner\">\n\t\t<div class=\"elementor-element elementor-element-9533683 e-con-full e-flex e-con e-child\" data-id=\"9533683\" data-element_type=\"container\" data-e-type=\"container\" data-settings=\"{&quot;jet_parallax_layout_list&quot;:[]}\">\n\t\t<div class=\"elementor-element elementor-element-976527a e-con-full e-flex e-con e-child\" data-id=\"976527a\" data-element_type=\"container\" data-e-type=\"container\" data-settings=\"{&quot;jet_parallax_layout_list&quot;:[]}\">\n\t\t\t\t<div class=\"elementor-element elementor-element-7a898d9 elementor-widget elementor-widget-heading\" data-id=\"7a898d9\" data-element_type=\"widget\" data-e-type=\"widget\" data-widget_type=\"heading.default\">\n\t\t\t\t\t<p class=\"elementor-heading-title elementor-size-default\">Nossa<\/p>\t\t\t\t<\/div>\n\t\t\t\t<div class=\"elementor-element elementor-element-e365ae4 elementor-widget elementor-widget-heading\" data-id=\"e365ae4\" data-element_type=\"widget\" data-e-type=\"widget\" data-widget_type=\"heading.default\">\n\t\t\t\t\t<p class=\"elementor-heading-title elementor-size-default\">localiza\u00e7\u00e3o<\/p>\t\t\t\t<\/div>\n\t\t\t\t<div class=\"elementor-element elementor-element-d27de7e elementor-widget elementor-widget-text-editor\" data-id=\"d27de7e\" data-element_type=\"widget\" data-e-type=\"widget\" data-widget_type=\"text-editor.default\">\n\t\t\t\t\t\t\t\t\t<p>Alameda Salvador, 1057 &#8211; Torre Am\u00e9rica<br \/>Caminho das \u00c1rvores , Salvador\u00a0 &#8211; BA\u00a0<br \/>41820-790<\/p>\t\t\t\t\t\t\t\t<\/div>\n\t\t\t\t<div class=\"elementor-element elementor-element-5a900ce elementor-widget elementor-widget-button\" data-id=\"5a900ce\" data-element_type=\"widget\" data-e-type=\"widget\" data-widget_type=\"button.default\">\n\t\t\t\t\t\t\t\t\t\t<a class=\"elementor-button elementor-button-link elementor-size-sm\" href=\"#\">\n\t\t\t\t\t\t<span class=\"elementor-button-content-wrapper\">\n\t\t\t\t\t\t\t\t\t<span class=\"elementor-button-text\">Tra\u00e7ar Rota<\/span>\n\t\t\t\t\t<\/span>\n\t\t\t\t\t<\/a>\n\t\t\t\t\t\t\t\t<\/div>\n\t\t\t\t<\/div>\n\t\t<div class=\"elementor-element elementor-element-84656fc e-con-full e-flex e-con e-child\" data-id=\"84656fc\" data-element_type=\"container\" data-e-type=\"container\" data-settings=\"{&quot;jet_parallax_layout_list&quot;:[]}\">\n\t\t\t\t<div class=\"elementor-element elementor-element-3820e6d elementor-widget__width-initial elementor-widget elementor-widget-google_maps\" data-id=\"3820e6d\" data-element_type=\"widget\" data-e-type=\"widget\" data-widget_type=\"google_maps.default\">\n\t\t\t\t\t\t\t<div class=\"elementor-custom-embed\">\n\t\t\t<iframe loading=\"lazy\"\n\t\t\t\t\tsrc=\"https:\/\/maps.google.com\/maps?q=Alameda%20Salvador%2C%201057%20-%20Torre%20Am%C3%A9rica%20Caminho%20das%20%C3%81rvores%20%2C%20Salvador%C2%A0%20-%20BA%C2%A0%20%2041820-790&#038;t=m&#038;z=15&#038;output=embed&#038;iwloc=near\"\n\t\t\t\t\ttitle=\"Alameda Salvador, 1057 - Torre Am\u00e9rica Caminho das \u00c1rvores , Salvador\u00a0 - BA\u00a0  41820-790\"\n\t\t\t\t\taria-label=\"Alameda Salvador, 1057 - Torre Am\u00e9rica Caminho das \u00c1rvores , Salvador\u00a0 - BA\u00a0  41820-790\"\n\t\t\t><\/iframe>\n\t\t<\/div>\n\t\t\t\t\t\t<\/div>\n\t\t\t\t<\/div>\n\t\t\t\t<\/div>\n\t\t\t\t\t<\/div>\n\t\t\t\t<\/div>\n\t\t\t\t<\/div>\n\t\t","protected":false},"excerpt":{"rendered":"<p>Fale com a M+ Real Estate Seja para comprar ou vender propiedades singulares, nossa equipe esta pronta para receber voce.\u00a0 \u00a0Preencha o formul\u00e1rio ou entre em contato pelos canais abaixo e conte-nos o que procura. Este \u00e9 o primeiro passo para sua jornada imobili\u00e1ria com mais significado . +55 (71) 99660-2211 @mmaisrealestate contato@mmaisrealestate.com Nossa localiza\u00e7\u00e3o [&hellip;]<\/p>\n","protected":false},"author":1,"featured_media":0,"parent":0,"menu_order":0,"comment_status":"closed","ping_status":"closed","template":"","meta":{"footnotes":""},"class_list":["post-766","page","type-page","status-publish","hentry"],"_links":{"self":[{"href":"https:\/\/mmaisrealestate.com\/en\/wp-json\/wp\/v2\/pages\/766","targetHints":{"allow":["GET"]}}],"collection":[{"href":"https:\/\/mmaisrealestate.com\/en\/wp-json\/wp\/v2\/pages"}],"about":[{"href":"https:\/\/mmaisrealestate.com\/en\/wp-json\/wp\/v2\/types\/page"}],"author":[{"embeddable":true,"href":"https:\/\/mmaisrealestate.com\/en\/wp-json\/wp\/v2\/users\/1"}],"replies":[{"embeddable":true,"href":"https:\/\/mmaisrealestate.com\/en\/wp-json\/wp\/v2\/comments?post=766"}],"version-history":[{"count":36,"href":"https:\/\/mmaisrealestate.com\/en\/wp-json\/wp\/v2\/pages\/766\/revisions"}],"predecessor-version":[{"id":1938,"href":"https:\/\/mmaisrealestate.com\/en\/wp-json\/wp\/v2\/pages\/766\/revisions\/1938"}],"wp:attachment":[{"href":"https:\/\/mmaisrealestate.com\/en\/wp-json\/wp\/v2\/media?parent=766"}],"curies":[{"name":"wp","href":"https:\/\/api.w.org\/{rel}","templated":true}]}}