{"id":757,"date":"2025-11-01T12:02:33","date_gmt":"2025-11-01T15:02:33","guid":{"rendered":"https:\/\/mmaisrealestate.com\/?page_id=757"},"modified":"2026-03-23T12:17:33","modified_gmt":"2026-03-23T15:17:33","slug":"venda-conosco","status":"publish","type":"page","link":"https:\/\/mmaisrealestate.com\/en\/venda-conosco\/","title":{"rendered":"Sell with Us"},"content":{"rendered":"<style>.elementor-757 .elementor-element.elementor-element-affeb60{--display:flex;--flex-direction:column;--container-widget-width:100%;--container-widget-height:initial;--container-widget-flex-grow:0;--container-widget-align-self:initial;--flex-wrap-mobile:wrap;--border-radius:70px 70px 0px 0px;--margin-top:0px;--margin-bottom:0px;--margin-left:0px;--margin-right:0px;--padding-top:0px;--padding-bottom:0px;--padding-left:0px;--padding-right:0px;}.elementor-757 .elementor-element.elementor-element-affeb60:not(.elementor-motion-effects-element-type-background), .elementor-757 .elementor-element.elementor-element-affeb60 > .elementor-motion-effects-container > .elementor-motion-effects-layer{background-color:#FFFFFF;}.elementor-757 .elementor-element.elementor-element-1ffb7d1{--display:flex;--padding-top:40px;--padding-bottom:0px;--padding-left:0px;--padding-right:0px;}.elementor-757 .elementor-element.elementor-element-53b59bc{--display:flex;}.elementor-757 .elementor-element.elementor-element-58b2602{font-size:50px;color:var( --e-global-color-text );}.elementor-757 .elementor-element.elementor-element-27db4cd{--display:flex;--flex-direction:row;--container-widget-width:initial;--container-widget-height:100%;--container-widget-flex-grow:1;--container-widget-align-self:stretch;--flex-wrap-mobile:wrap;}.elementor-757 .elementor-element.elementor-element-2ba3082{--display:flex;}.elementor-757 .elementor-element.elementor-element-e8ea4c7 .elementor-field-group{padding-right:calc( 10px\/2 );padding-left:calc( 10px\/2 );margin-bottom:15px;}.elementor-757 .elementor-element.elementor-element-e8ea4c7 .elementor-form-fields-wrapper{margin-left:calc( -10px\/2 );margin-right:calc( -10px\/2 );margin-bottom:-15px;}.elementor-757 .elementor-element.elementor-element-e8ea4c7 .elementor-field-group.recaptcha_v3-bottomleft, .elementor-757 .elementor-element.elementor-element-e8ea4c7 .elementor-field-group.recaptcha_v3-bottomright{margin-bottom:0;}body.rtl .elementor-757 .elementor-element.elementor-element-e8ea4c7 .elementor-labels-inline .elementor-field-group > label{padding-left:3px;}body:not(.rtl) .elementor-757 .elementor-element.elementor-element-e8ea4c7 .elementor-labels-inline .elementor-field-group > label{padding-right:3px;}body .elementor-757 .elementor-element.elementor-element-e8ea4c7 .elementor-labels-above .elementor-field-group > label{padding-bottom:3px;}.elementor-757 .elementor-element.elementor-element-e8ea4c7 .elementor-field-group > label, .elementor-757 .elementor-element.elementor-element-e8ea4c7 .elementor-field-subgroup label{color:#000000;}.elementor-757 .elementor-element.elementor-element-e8ea4c7 .elementor-field-group > label{font-family:\"Archiv Grotesk\", Sans-serif;font-weight:500;}.elementor-757 .elementor-element.elementor-element-e8ea4c7 .elementor-field-type-html{padding-bottom:0px;}.elementor-757 .elementor-element.elementor-element-e8ea4c7 .elementor-field-group .elementor-field{color:#000000;}.elementor-757 .elementor-element.elementor-element-e8ea4c7 .elementor-field-group:not(.elementor-field-type-upload) .elementor-field:not(.elementor-select-wrapper){background-color:#FFFFFF;border-color:#000000;border-width:0px 0px 1px 0px;}.elementor-757 .elementor-element.elementor-element-e8ea4c7 .elementor-field-group .elementor-select-wrapper select{background-color:#FFFFFF;border-color:#000000;border-width:0px 0px 1px 0px;}.elementor-757 .elementor-element.elementor-element-e8ea4c7 .elementor-field-group .elementor-select-wrapper::before{color:#000000;}.elementor-757 .elementor-element.elementor-element-e8ea4c7 .elementor-button span{justify-content:center;}.elementor-757 .elementor-element.elementor-element-e8ea4c7 .e-form__buttons__wrapper__button-next{color:#ffffff;}.elementor-757 .elementor-element.elementor-element-e8ea4c7 .elementor-button[type=\"submit\"]{color:#ffffff;}.elementor-757 .elementor-element.elementor-element-e8ea4c7 .elementor-button[type=\"submit\"] svg *{fill:#ffffff;}.elementor-757 .elementor-element.elementor-element-e8ea4c7 .e-form__buttons__wrapper__button-previous{color:#ffffff;}.elementor-757 .elementor-element.elementor-element-e8ea4c7 .e-form__buttons__wrapper__button-next:hover{color:#ffffff;}.elementor-757 .elementor-element.elementor-element-e8ea4c7 .elementor-button[type=\"submit\"]:hover{color:#ffffff;}.elementor-757 .elementor-element.elementor-element-e8ea4c7 .elementor-button[type=\"submit\"]:hover svg *{fill:#ffffff;}.elementor-757 .elementor-element.elementor-element-e8ea4c7 .e-form__buttons__wrapper__button-previous:hover{color:#ffffff;}.elementor-757 .elementor-element.elementor-element-e8ea4c7 .elementor-button{padding:0px 0px 0px 0px;}.elementor-757 .elementor-element.elementor-element-e8ea4c7{--e-form-steps-indicators-spacing:20px;--e-form-steps-indicator-padding:30px;--e-form-steps-indicator-inactive-secondary-color:#ffffff;--e-form-steps-indicator-active-secondary-color:#ffffff;--e-form-steps-indicator-completed-secondary-color:#ffffff;--e-form-steps-divider-width:1px;--e-form-steps-divider-gap:10px;}@media(max-width:767px){.elementor-757 .elementor-element.elementor-element-1ffb7d1{--padding-top:40px;--padding-bottom:0px;--padding-left:20px;--padding-right:20px;}}\/* Start custom CSS *\/@media (max-width: 767px) {\r\n    .elementor-kit-10 h2 { \r\n        font-size: 1.5rem;\r\n    }\r\n}\/* End custom CSS *\/<\/style>\t\t<div data-elementor-type=\"wp-page\" data-elementor-id=\"757\" class=\"elementor elementor-757\" data-elementor-post-type=\"page\">\n\t\t\t\t<div class=\"elementor-element elementor-element-affeb60 e-con-full e-flex e-con e-parent\" data-id=\"affeb60\" data-element_type=\"container\" data-e-type=\"container\" data-settings=\"{&quot;background_background&quot;:&quot;classic&quot;,&quot;jet_parallax_layout_list&quot;:[]}\">\n\t\t<div class=\"elementor-element elementor-element-1ffb7d1 e-flex e-con-boxed e-con e-child\" data-id=\"1ffb7d1\" data-element_type=\"container\" data-e-type=\"container\" data-settings=\"{&quot;jet_parallax_layout_list&quot;:[]}\">\n\t\t\t\t\t<div class=\"e-con-inner\">\n\t\t<div class=\"elementor-element elementor-element-53b59bc e-con-full e-flex e-con e-child\" data-id=\"53b59bc\" data-element_type=\"container\" data-e-type=\"container\" data-settings=\"{&quot;jet_parallax_layout_list&quot;:[]}\">\n\t\t\t\t<div class=\"elementor-element elementor-element-58b2602 elementor-widget elementor-widget-text-editor\" data-id=\"58b2602\" data-element_type=\"widget\" data-e-type=\"widget\" data-widget_type=\"text-editor.default\">\n\t\t\t\t\t\t\t\t\t<h2>Anuncie seu im\u00f3vel<br \/>com a <strong>M+ Real Estate<\/strong><\/h2>\t\t\t\t\t\t\t\t<\/div>\n\t\t\t\t<div class=\"elementor-element elementor-element-5454c4b elementor-widget elementor-widget-text-editor\" data-id=\"5454c4b\" data-element_type=\"widget\" data-e-type=\"widget\" data-widget_type=\"text-editor.default\">\n\t\t\t\t\t\t\t\t\t<p>Cada propriedade apresentada pela M+ Real Estate \u00e9 fruto de uma curadoria criteriosa que considera localiza\u00e7\u00e3o, design, arquitetura, privacidade e seguran\u00e7a. Aqui, voc\u00ea encontra apenas as melhores oportunidades imobili\u00e1rias.<\/p>\t\t\t\t\t\t\t\t<\/div>\n\t\t\t\t<\/div>\n\t\t\t\t\t<\/div>\n\t\t\t\t<\/div>\n\t\t\t\t<\/div>\n\t\t<div class=\"elementor-element elementor-element-27db4cd e-flex e-con-boxed e-con e-parent\" data-id=\"27db4cd\" data-element_type=\"container\" data-e-type=\"container\" data-settings=\"{&quot;jet_parallax_layout_list&quot;:[]}\">\n\t\t\t\t\t<div class=\"e-con-inner\">\n\t\t<div class=\"elementor-element elementor-element-2ba3082 e-con-full e-flex e-con e-child\" data-id=\"2ba3082\" data-element_type=\"container\" data-e-type=\"container\" data-settings=\"{&quot;jet_parallax_layout_list&quot;:[]}\">\n\t\t\t\t<div class=\"elementor-element elementor-element-e8ea4c7 elementor-button-align-stretch elementor-widget elementor-widget-form\" data-id=\"e8ea4c7\" data-element_type=\"widget\" data-e-type=\"widget\" data-settings=\"{&quot;step_next_label&quot;:&quot;Next&quot;,&quot;step_previous_label&quot;:&quot;Previous&quot;,&quot;button_width&quot;:&quot;100&quot;,&quot;step_type&quot;:&quot;number_text&quot;,&quot;step_icon_shape&quot;:&quot;circle&quot;}\" data-widget_type=\"form.default\">\n\t\t\t\t<div class=\"elementor-widget-container\">\n\t\t\t\t\t\t\t<form class=\"elementor-form\" method=\"post\" name=\"New Form\">\n\t\t\t<input type=\"hidden\" name=\"post_id\" value=\"757\"\/>\n\t\t\t<input type=\"hidden\" name=\"form_id\" value=\"e8ea4c7\"\/>\n\t\t\t<input type=\"hidden\" name=\"referer_title\" value=\"Venda Conosco\" \/>\n\n\t\t\t\t\t\t\t<input type=\"hidden\" name=\"queried_id\" value=\"757\"\/>\n\t\t\t\n\t\t\t<div class=\"elementor-form-fields-wrapper elementor-labels-above\">\n\t\t\t\t\t\t\t\t<div class=\"elementor-field-type-text elementor-field-group elementor-column elementor-field-group-name elementor-col-100 elementor-field-required\">\n\t\t\t\t\t\t\t\t\t\t\t\t<label for=\"form-field-name\" class=\"elementor-field-label\">\n\t\t\t\t\t\t\t\tLocaliza\u00e7\u00e3o\t\t\t\t\t\t\t<\/label>\n\t\t\t\t\t\t\t\t\t\t\t\t\t\t<input size=\"1\" type=\"text\" name=\"form_fields[name]\" id=\"form-field-name\" class=\"elementor-field elementor-size-md  elementor-field-textual\" placeholder=\"Digite o endere\u00e7o completo\" required=\"required\" aria-required=\"true\">\n\t\t\t\t\t\t\t\t\t\t\t<\/div>\n\t\t\t\t\t\t\t\t<div class=\"elementor-field-type-select elementor-field-group elementor-column elementor-field-group-email elementor-col-100 elementor-field-required\">\n\t\t\t\t\t\t\t\t\t\t\t\t<label for=\"form-field-email\" class=\"elementor-field-label\">\n\t\t\t\t\t\t\t\tTipo\t\t\t\t\t\t\t<\/label>\n\t\t\t\t\t\t\t\t<div class=\"elementor-field elementor-select-wrapper remove-before \">\n\t\t\t<div class=\"select-caret-down-wrapper\">\n\t\t\t\t<svg aria-hidden=\"true\" class=\"e-font-icon-svg e-eicon-caret-down\" viewBox=\"0 0 571.4 571.4\" xmlns=\"http:\/\/www.w3.org\/2000\/svg\"><path d=\"M571 393Q571 407 561 418L311 668Q300 679 286 679T261 668L11 418Q0 407 0 393T11 368 36 357H536Q550 357 561 368T571 393Z\"><\/path><\/svg>\t\t\t<\/div>\n\t\t\t<select name=\"form_fields[email]\" id=\"form-field-email\" class=\"elementor-field-textual elementor-size-md\" required=\"required\" aria-required=\"true\">\n\t\t\t\t\t\t\t\t\t<option value=\"Casa\">Casa<\/option>\n\t\t\t\t\t\t\t\t\t<option value=\"Apto\">Apto<\/option>\n\t\t\t\t\t\t\t\t\t<option value=\"\"><\/option>\n\t\t\t\t\t\t\t<\/select>\n\t\t<\/div>\n\t\t\t\t\t\t<\/div>\n\t\t\t\t\t\t\t\t<div class=\"elementor-field-type-text elementor-field-group elementor-column elementor-field-group-message elementor-col-50 elementor-field-required\">\n\t\t\t\t\t\t\t\t\t\t\t\t<label for=\"form-field-message\" class=\"elementor-field-label\">\n\t\t\t\t\t\t\t\tValor\t\t\t\t\t\t\t<\/label>\n\t\t\t\t\t\t\t\t\t\t\t\t\t\t<input size=\"1\" type=\"text\" name=\"form_fields[message]\" id=\"form-field-message\" class=\"elementor-field elementor-size-md  elementor-field-textual\" placeholder=\"Valor da propriedade\" required=\"required\" aria-required=\"true\">\n\t\t\t\t\t\t\t\t\t\t\t<\/div>\n\t\t\t\t\t\t\t\t<div class=\"elementor-field-type-text elementor-field-group elementor-column elementor-field-group-field_d59ad70 elementor-col-50 elementor-field-required\">\n\t\t\t\t\t\t\t\t\t\t\t\t<label for=\"form-field-field_d59ad70\" class=\"elementor-field-label\">\n\t\t\t\t\t\t\t\t\u00c1rea constru\u00edda\t\t\t\t\t\t\t<\/label>\n\t\t\t\t\t\t\t\t\t\t\t\t\t\t<input size=\"1\" type=\"text\" name=\"form_fields[field_d59ad70]\" id=\"form-field-field_d59ad70\" class=\"elementor-field elementor-size-md  elementor-field-textual\" placeholder=\"\u00c1rea constru\u00edda\" required=\"required\" aria-required=\"true\">\n\t\t\t\t\t\t\t\t\t\t\t<\/div>\n\t\t\t\t\t\t\t\t<div class=\"elementor-field-type-number elementor-field-group elementor-column elementor-field-group-field_c32f958 elementor-col-100 elementor-field-required\">\n\t\t\t\t\t\t\t\t\t\t\t\t<label for=\"form-field-field_c32f958\" class=\"elementor-field-label\">\n\t\t\t\t\t\t\t\tN\u00famero de quartos\t\t\t\t\t\t\t<\/label>\n\t\t\t\t\t\t\t\t\t<input type=\"number\" name=\"form_fields[field_c32f958]\" id=\"form-field-field_c32f958\" class=\"elementor-field elementor-size-md  elementor-field-textual\" placeholder=\"N\u00famero de quartos\" required=\"required\" aria-required=\"true\" min=\"0\" max=\"10\" >\n\t\t\t\t\t\t<\/div>\n\t\t\t\t\t\t\t\t<div class=\"elementor-field-type-text elementor-field-group elementor-column elementor-field-group-field_64f63ee elementor-col-50 elementor-field-required\">\n\t\t\t\t\t\t\t\t\t\t\t\t<label for=\"form-field-field_64f63ee\" class=\"elementor-field-label\">\n\t\t\t\t\t\t\t\tNome \t\t\t\t\t\t\t<\/label>\n\t\t\t\t\t\t\t\t\t\t\t\t\t\t<input size=\"1\" type=\"text\" name=\"form_fields[field_64f63ee]\" id=\"form-field-field_64f63ee\" class=\"elementor-field elementor-size-md  elementor-field-textual\" placeholder=\"Nome\" required=\"required\" aria-required=\"true\">\n\t\t\t\t\t\t\t\t\t\t\t<\/div>\n\t\t\t\t\t\t\t\t<div class=\"elementor-field-type-tel elementor-field-group elementor-column elementor-field-group-field_453f34b elementor-col-50 elementor-field-required\">\n\t\t\t\t\t\t\t\t\t\t\t\t<label for=\"form-field-field_453f34b\" class=\"elementor-field-label\">\n\t\t\t\t\t\t\t\tTelefone\t\t\t\t\t\t\t<\/label>\n\t\t\t\t\t\t\t\t<input size=\"1\" type=\"tel\" name=\"form_fields[field_453f34b]\" id=\"form-field-field_453f34b\" class=\"elementor-field elementor-size-md  elementor-field-textual\" placeholder=\"Telefone\" required=\"required\" aria-required=\"true\" pattern=\"[0-9()#&amp;+*-=.]+\" title=\"Only numbers and phone characters (#, -, *, etc) are accepted.\">\n\n\t\t\t\t\t\t<\/div>\n\t\t\t\t\t\t\t\t<div class=\"elementor-field-type-email elementor-field-group elementor-column elementor-field-group-field_aa212b1 elementor-col-100 elementor-field-required\">\n\t\t\t\t\t\t\t\t\t\t\t\t<label for=\"form-field-field_aa212b1\" class=\"elementor-field-label\">\n\t\t\t\t\t\t\t\tEmail\t\t\t\t\t\t\t<\/label>\n\t\t\t\t\t\t\t\t\t\t\t\t\t\t<input size=\"1\" type=\"email\" name=\"form_fields[field_aa212b1]\" id=\"form-field-field_aa212b1\" class=\"elementor-field elementor-size-md  elementor-field-textual\" placeholder=\"Email\" required=\"required\" aria-required=\"true\">\n\t\t\t\t\t\t\t\t\t\t\t<\/div>\n\t\t\t\t\t\t\t\t<div class=\"elementor-field-type-textarea elementor-field-group elementor-column elementor-field-group-field_79f0c52 elementor-col-100\">\n\t\t\t\t\t\t\t\t\t\t\t\t<label for=\"form-field-field_79f0c52\" class=\"elementor-field-label\">\n\t\t\t\t\t\t\t\tMensagem\t\t\t\t\t\t\t<\/label>\n\t\t\t\t\t\t<textarea class=\"elementor-field-textual elementor-field  elementor-size-md\" name=\"form_fields[field_79f0c52]\" id=\"form-field-field_79f0c52\" rows=\"7\" placeholder=\"Digite sua mensagem\"><\/textarea>\t\t\t\t<\/div>\n\t\t\t\t\t\t\t\t<div class=\"elementor-field-group elementor-column elementor-field-type-submit elementor-col-100 e-form__buttons\">\n\t\t\t\t\t<button class=\"elementor-button elementor-size-sm\" type=\"submit\">\n\t\t\t\t\t\t<span class=\"elementor-button-content-wrapper\">\n\t\t\t\t\t\t\t\t\t\t\t\t\t\t\t\t\t\t\t\t\t\t<span class=\"elementor-button-text\">Enviar<\/span>\n\t\t\t\t\t\t\t\t\t\t\t\t\t<\/span>\n\t\t\t\t\t<\/button>\n\t\t\t\t<\/div>\n\t\t\t<\/div>\n\t\t<\/form>\n\t\t\t\t\t\t<\/div>\n\t\t\t\t<\/div>\n\t\t\t\t<\/div>\n\t\t\t\t\t<\/div>\n\t\t\t\t<\/div>\n\t\t\t\t<\/div>\n\t\t","protected":false},"excerpt":{"rendered":"<p>Anuncie seu im\u00f3velcom a M+ Real Estate Cada propriedade apresentada pela M+ Real Estate \u00e9 fruto de uma curadoria criteriosa que considera localiza\u00e7\u00e3o, design, arquitetura, privacidade e seguran\u00e7a. Aqui, voc\u00ea encontra apenas as melhores oportunidades imobili\u00e1rias.<\/p>","protected":false},"author":1,"featured_media":0,"parent":0,"menu_order":0,"comment_status":"closed","ping_status":"closed","template":"","meta":{"footnotes":""},"class_list":["post-757","page","type-page","status-publish","hentry"],"_links":{"self":[{"href":"https:\/\/mmaisrealestate.com\/en\/wp-json\/wp\/v2\/pages\/757","targetHints":{"allow":["GET"]}}],"collection":[{"href":"https:\/\/mmaisrealestate.com\/en\/wp-json\/wp\/v2\/pages"}],"about":[{"href":"https:\/\/mmaisrealestate.com\/en\/wp-json\/wp\/v2\/types\/page"}],"author":[{"embeddable":true,"href":"https:\/\/mmaisrealestate.com\/en\/wp-json\/wp\/v2\/users\/1"}],"replies":[{"embeddable":true,"href":"https:\/\/mmaisrealestate.com\/en\/wp-json\/wp\/v2\/comments?post=757"}],"version-history":[{"count":16,"href":"https:\/\/mmaisrealestate.com\/en\/wp-json\/wp\/v2\/pages\/757\/revisions"}],"predecessor-version":[{"id":1967,"href":"https:\/\/mmaisrealestate.com\/en\/wp-json\/wp\/v2\/pages\/757\/revisions\/1967"}],"wp:attachment":[{"href":"https:\/\/mmaisrealestate.com\/en\/wp-json\/wp\/v2\/media?parent=757"}],"curies":[{"name":"wp","href":"https:\/\/api.w.org\/{rel}","templated":true}]}}